{"id":520,"date":"2023-04-11T22:18:15","date_gmt":"2023-04-11T20:18:15","guid":{"rendered":"https:\/\/www.abk6-oenotourisme.com\/?post_type=product&#038;p=520"},"modified":"2023-04-28T15:54:35","modified_gmt":"2023-04-28T13:54:35","slug":"carte-cadeau-atelier-maitre-de-chai","status":"publish","type":"product","link":"https:\/\/www.abk6-oenotourisme.com\/en\/Visite-et-Ateliers\/carte-cadeau-atelier-maitre-de-chai\/","title":{"rendered":"Gift Card <\/br><b>Cellar Master Workshop<\/b>"},"content":{"rendered":"<p>Offer a unique experience, consisting of a complete visit of the estate, the tasting of three cognacs of the property and a workshop Cellar Master to discover the craft of blending eaux-de-vie by creating your own XO cognac.<\/p>\n<p>Gift card valid for one person.<\/p>","protected":false},"excerpt":{"rendered":"<p>Offrez une exp\u00e9rience unique, compos\u00e9e d&rsquo;une visite compl\u00e8te du domaine, la d\u00e9gustation de trois cognacs de la propri\u00e9t\u00e9 et d&rsquo;un atelier Ma\u00eetre de Chai afin de d\u00e9couvrir le m\u00e9tier de l&rsquo;assemblage d&rsquo;eaux-de-vie par la cr\u00e9ation de votre propre cognac XO. Carte cadeau valable pour une personne.<\/p>","protected":false},"featured_media":717,"comment_status":"closed","ping_status":"closed","template":"","meta":{"_seopress_robots_primary_cat":"","_seopress_titles_title":"","_seopress_titles_desc":"","_seopress_robots_index":"","_et_pb_use_builder":"","_et_pb_old_content":"","_et_gb_content_width":""},"product_brand":[],"product_cat":[22],"product_tag":[],"class_list":{"0":"post-520","1":"product","2":"type-product","3":"status-publish","4":"has-post-thumbnail","6":"product_cat-mwb_wgm_giftcard-2","8":"first","9":"instock","10":"sold-individually","11":"shipping-taxable","12":"purchasable","13":"product-type-wgm_gift_card"},"_links":{"self":[{"href":"https:\/\/www.abk6-oenotourisme.com\/en\/wp-json\/wp\/v2\/product\/520","targetHints":{"allow":["GET"]}}],"collection":[{"href":"https:\/\/www.abk6-oenotourisme.com\/en\/wp-json\/wp\/v2\/product"}],"about":[{"href":"https:\/\/www.abk6-oenotourisme.com\/en\/wp-json\/wp\/v2\/types\/product"}],"replies":[{"embeddable":true,"href":"https:\/\/www.abk6-oenotourisme.com\/en\/wp-json\/wp\/v2\/comments?post=520"}],"wp:featuredmedia":[{"embeddable":true,"href":"https:\/\/www.abk6-oenotourisme.com\/en\/wp-json\/wp\/v2\/media\/717"}],"wp:attachment":[{"href":"https:\/\/www.abk6-oenotourisme.com\/en\/wp-json\/wp\/v2\/media?parent=520"}],"wp:term":[{"taxonomy":"product_brand","embeddable":true,"href":"https:\/\/www.abk6-oenotourisme.com\/en\/wp-json\/wp\/v2\/product_brand?post=520"},{"taxonomy":"product_cat","embeddable":true,"href":"https:\/\/www.abk6-oenotourisme.com\/en\/wp-json\/wp\/v2\/product_cat?post=520"},{"taxonomy":"product_tag","embeddable":true,"href":"https:\/\/www.abk6-oenotourisme.com\/en\/wp-json\/wp\/v2\/product_tag?post=520"}],"curies":[{"name":"wp","href":"https:\/\/api.w.org\/{rel}","templated":true}]}}