{"id":631,"date":"2023-04-14T11:25:49","date_gmt":"2023-04-14T09:25:49","guid":{"rendered":"https:\/\/www.abk6-oenotourisme.com\/?post_type=product&#038;p=631"},"modified":"2023-04-28T16:07:54","modified_gmt":"2023-04-28T14:07:54","slug":"carte-cadeau-atelier-creation-cocktails-copie","status":"publish","type":"product","link":"https:\/\/www.abk6-oenotourisme.com\/en\/Visite-et-Ateliers\/carte-cadeau-atelier-creation-cocktails-copie\/","title":{"rendered":"Gift Card <\/br><b>Visite, Atelier Cr\u00e9ation Cocktails<\/b>"},"content":{"rendered":"<p>With the Cocktail Creation Workshop you will follow the complete visit of the Domaine, then create 2 cocktails, with our Single Estate products!<\/p>\n<p>A unique and friendly moment that will introduce you to mixology, accompanied by mignardises.<\/p>\n<p>This workshop can be done in family accompanied by children, from 10 years old (Cocktails without alcohol).<\/p>\n<p>Gift card valid for one person.<\/p>","protected":false},"excerpt":{"rendered":"<p>Avec l&rsquo;Atelier Cr\u00e9ation Cocktails vous suivez la visite compl\u00e8te du Domaine, puis cr\u00e9ez 2 cocktails, avec nos produits Single Estate! Un moment unique et convivial qui vous initiera \u00e0 la mixologie, accompagn\u00e9 de mignardises. Cet atelier peut se faire en famille accompagn\u00e9 d&rsquo;enfants, \u00e0 partir de 10 ans. (Cocktails sans alcool). Carte cadeau valable pour [&hellip;]<\/p>\n","protected":false},"featured_media":711,"comment_status":"closed","ping_status":"closed","template":"","meta":{"_seopress_robots_primary_cat":"","_seopress_titles_title":"","_seopress_titles_desc":"","_seopress_robots_index":"","_et_pb_use_builder":"","_et_pb_old_content":"","_et_gb_content_width":""},"product_brand":[],"product_cat":[22],"product_tag":[],"class_list":{"0":"post-631","1":"product","2":"type-product","3":"status-publish","4":"has-post-thumbnail","6":"product_cat-mwb_wgm_giftcard-2","8":"first","9":"instock","10":"sold-individually","11":"shipping-taxable","12":"purchasable","13":"product-type-wgm_gift_card"},"_links":{"self":[{"href":"https:\/\/www.abk6-oenotourisme.com\/en\/wp-json\/wp\/v2\/product\/631","targetHints":{"allow":["GET"]}}],"collection":[{"href":"https:\/\/www.abk6-oenotourisme.com\/en\/wp-json\/wp\/v2\/product"}],"about":[{"href":"https:\/\/www.abk6-oenotourisme.com\/en\/wp-json\/wp\/v2\/types\/product"}],"replies":[{"embeddable":true,"href":"https:\/\/www.abk6-oenotourisme.com\/en\/wp-json\/wp\/v2\/comments?post=631"}],"wp:featuredmedia":[{"embeddable":true,"href":"https:\/\/www.abk6-oenotourisme.com\/en\/wp-json\/wp\/v2\/media\/711"}],"wp:attachment":[{"href":"https:\/\/www.abk6-oenotourisme.com\/en\/wp-json\/wp\/v2\/media?parent=631"}],"wp:term":[{"taxonomy":"product_brand","embeddable":true,"href":"https:\/\/www.abk6-oenotourisme.com\/en\/wp-json\/wp\/v2\/product_brand?post=631"},{"taxonomy":"product_cat","embeddable":true,"href":"https:\/\/www.abk6-oenotourisme.com\/en\/wp-json\/wp\/v2\/product_cat?post=631"},{"taxonomy":"product_tag","embeddable":true,"href":"https:\/\/www.abk6-oenotourisme.com\/en\/wp-json\/wp\/v2\/product_tag?post=631"}],"curies":[{"name":"wp","href":"https:\/\/api.w.org\/{rel}","templated":true}]}}